{"id":203,"date":"2021-12-17T16:46:02","date_gmt":"2021-12-17T16:46:02","guid":{"rendered":"https:\/\/startersites.io\/blocksy\/garderobe\/?page_id=203"},"modified":"2025-08-31T16:57:27","modified_gmt":"2025-08-31T16:57:27","slug":"nosotros","status":"publish","type":"page","link":"https:\/\/pacomersa.com\/?page_id=203","title":{"rendered":"Nosotros"},"content":{"rendered":"\n<div class=\"wp-block-stackable-spacer stk-block-spacer stk--no-padding stk-block stk-aed6e82\" data-block-id=\"aed6e82\"><style>.stk-aed6e82 {height:130px !important;}@media screen and (max-width:999px){.stk-aed6e82 {height:80px !important;}}<\/style><\/div>\n\n\n\n<div class=\"wp-block-stackable-text stk-block-text stk-block stk-0d6a1f8\" data-block-id=\"0d6a1f8\"><style>.stk-0d6a1f8 {margin-bottom:10px !important;opacity:0.6 !important;}.stk-0d6a1f8 .stk-block-text__text{font-size:45px !important;font-weight:500 !important;}@media screen and (max-width:999px){.stk-0d6a1f8 .stk-block-text__text{font-size:45px !important;}}@media screen and (max-width:689px){.stk-0d6a1f8 {margin-bottom:5px !important;}}<\/style><p class=\"stk-block-text__text has-text-align-center has-text-align-center-mobile\">Quienes somos<\/p><\/div>\n\n\n\n<div class=\"wp-block-stackable-spacer stk-block-spacer stk--no-padding stk-block stk-97c3f44\" data-block-id=\"97c3f44\"><style>.stk-97c3f44 {height:19px !important;}@media screen and (max-width:999px){.stk-97c3f44 {height:100px !important;}}<\/style><\/div>\n\n\n\n<div class=\"wp-block-stackable-columns alignfull stk-block-columns stk-block stk-238a9bc stk-block-background\" data-block-id=\"238a9bc\"><style>.stk-238a9bc {background-color:#f7f6f5 !important;padding-top:0px !important;padding-right:0px !important;padding-bottom:0px !important;padding-left:0px !important;margin-bottom:50px !important;}.stk-238a9bc:before{background-color:#f7f6f5 !important;}.stk-238a9bc-column{--stk-column-gap:50px !important;row-gap:50px !important;}<\/style><div class=\"stk-row stk-inner-blocks stk-block-content stk-content-align stk-238a9bc-column\">\n<div class=\"wp-block-stackable-column stk-block-column stk-column stk-block stk-63a0c3e\" data-v=\"4\" data-block-id=\"63a0c3e\"><style>.stk-63a0c3e-container{margin-top:0px !important;margin-right:0px !important;margin-bottom:0px !important;margin-left:0px !important;}.stk-63a0c3e {align-self:center !important;}@media screen and (max-width:999px){.stk-63a0c3e {padding-top:80px !important;padding-right:30px !important;padding-bottom:0px !important;padding-left:30px !important;}}<\/style><div class=\"stk-column-wrapper stk-block-column__content stk-container stk-63a0c3e-container stk--no-background stk--no-padding\"><div class=\"stk-block-content stk-inner-blocks stk-63a0c3e-inner-blocks\">\n<p>En <strong>Grupo PACOMERSA<\/strong>, somos una comercializadora mexicana comprometida con ofrecer soluciones integrales y productos de alta calidad para diversos sectores del mercado. Nos especializamos en la distribuci\u00f3n de <strong>art\u00edculos varios<\/strong>, <strong>mobiliario<\/strong>, <strong>materiales para construcci\u00f3n<\/strong>, <strong>electr\u00f3nica<\/strong>, <strong>electricidad<\/strong> y muchos otros productos que cubren las necesidades de nuestros clientes, tanto en el \u00e1mbito comercial como residencial.<\/p>\n\n\n\n<p><strong>Nuestra misi\u00f3n<\/strong> es ser un socio estrat\u00e9gico para nuestros clientes, proporcionando una amplia gama de productos de primera calidad que abarquen m\u00faltiples \u00e1reas. Trabajamos con marcas reconocidas y confiables, tanto nacionales como internacionales, para garantizar que todos nuestros productos cumplan con los m\u00e1s altos est\u00e1ndares de durabilidad y desempe\u00f1o.<\/p>\n\n\n\n<p><strong>Nuestra Visi\u00f3n<\/strong><br>Aspiramos a ser la comercializadora l\u00edder en M\u00e9xico, destac\u00e1ndonos por nuestra variedad, calidad y servicio excepcional. Queremos ser la primera opci\u00f3n para quienes buscan productos innovadores y soluciones eficientes para cada necesidad, desde la construcci\u00f3n hasta la tecnolog\u00eda.<\/p>\n\n\n\n<p><strong>Nuestros Valores<\/strong><\/p>\n\n\n\n<ul class=\"wp-block-list\">\n<li><strong>Variedad y Adaptabilidad<\/strong>: Nos distinguimos por ofrecer una amplia gama de productos que cubren m\u00faltiples industrias y sectores.<\/li>\n\n\n\n<li><strong>Calidad y Confianza<\/strong>: Solo trabajamos con productos que cumplen con altos est\u00e1ndares de calidad, garantizando la satisfacci\u00f3n de nuestros clientes.<\/li>\n\n\n\n<li><strong>Compromiso y Responsabilidad<\/strong>: Estamos comprometidos con brindar un servicio profesional, \u00e1gil y con responsabilidad en cada una de nuestras operaciones.<\/li>\n\n\n\n<li><strong>Innovaci\u00f3n<\/strong>: Mantenemos un enfoque constante en la mejora continua y la innovaci\u00f3n de nuestros procesos y productos.<\/li>\n<\/ul>\n\n\n\n<p><strong>Lo que Ofrecemos<\/strong><\/p>\n\n\n\n<ul class=\"wp-block-list\">\n<li><strong>Mobiliario<\/strong>: Soluciones para oficinas, hogares y espacios comerciales, con productos que combinan funcionalidad y dise\u00f1o.<\/li>\n\n\n\n<li><strong>Materiales de Construcci\u00f3n<\/strong>: Desde lo b\u00e1sico hasta lo m\u00e1s especializado, tenemos lo necesario para hacer realidad proyectos de cualquier escala.<\/li>\n\n\n\n<li><strong>Electr\u00f3nica<\/strong>: Equipos electr\u00f3nicos de \u00faltima tecnolog\u00eda que se adaptan a las necesidades del hogar, oficina o industria.<\/li>\n\n\n\n<li><strong>Electricidad<\/strong>: Todo lo necesario para instalaciones el\u00e9ctricas seguras y de alta eficiencia.<\/li>\n<\/ul>\n\n\n\n<p><strong>\u00bfPor qu\u00e9 elegirnos?<\/strong><\/p>\n\n\n\n<ul class=\"wp-block-list\">\n<li><strong>Amplia gama de productos<\/strong> para todos los sectores.<\/li>\n\n\n\n<li><strong>Precios competitivos<\/strong> sin sacrificar calidad.<\/li>\n\n\n\n<li><strong>Atenci\u00f3n personalizada<\/strong> y asesor\u00eda experta en cada \u00e1rea.<\/li>\n\n\n\n<li><strong>Entregas r\u00e1pidas y seguras<\/strong>, con cobertura en todo M\u00e9xico.<\/li>\n<\/ul>\n\n\n\n<p>En <strong>Grupo PACOMERSA<\/strong>, nos enorgullece ofrecer soluciones a medida para nuestros clientes, sin importar el tama\u00f1o o tipo de su proyecto. Estamos aqu\u00ed para brindarte no solo productos, sino un servicio excepcional que acompa\u00f1e cada etapa de tus necesidades.<\/p>\n<\/div><\/div><\/div>\n<\/div><\/div>\n\n\n\n<div class=\"wp-block-stackable-spacer stk-block-spacer stk--no-padding stk-block stk-f132f5e\" data-block-id=\"f132f5e\"><style>.stk-f132f5e {height:0px !important;}@media screen and (max-width:999px){.stk-f132f5e {height:80px !important;}}<\/style><\/div>\n\n\n\n<div class=\"wp-block-stackable-columns stk-block-columns stk-block stk-79dbbf3 stk-block-background stk--has-background-overlay\" data-block-id=\"79dbbf3\"><style>.stk-79dbbf3 {background-image:url(http:\/\/pacomersa.com\/wp-content\/uploads\/2021\/12\/about-us-newsletter-background_optimized.webp) !important;padding-top:120px !important;padding-right:90px !important;padding-bottom:120px !important;padding-left:90px !important;margin-bottom:1px !important;}.stk-79dbbf3:before{background-color:#000000 !important;opacity:0.6 !important;}@media screen and (max-width:999px){.stk-79dbbf3 {padding-top:80px !important;padding-right:80px !important;padding-bottom:80px !important;padding-left:80px !important;}}@media screen and (max-width:689px){.stk-79dbbf3 {padding-top:30px !important;padding-right:30px !important;padding-bottom:30px !important;padding-left:30px !important;}}<\/style><div class=\"stk-row stk-inner-blocks stk-block-content stk-content-align stk-79dbbf3-column\">\n<div class=\"wp-block-stackable-column stk-block-column stk-column stk-block stk-f4efb9b\" data-v=\"4\" data-block-id=\"f4efb9b\"><style>.stk-f4efb9b-container{margin-top:0px !important;margin-right:0px !important;margin-bottom:0px !important;margin-left:0px !important;}.stk-f4efb9b {max-width:600px !important;min-width:auto !important;margin-right:auto !important;margin-left:auto !important;}<\/style><div class=\"stk-column-wrapper stk-block-column__content stk-container stk-f4efb9b-container stk--no-background stk--no-padding\"><div class=\"stk-block-content stk-inner-blocks stk-f4efb9b-inner-blocks\">\n<div class=\"wp-block-stackable-heading stk-block-heading stk-block-heading--v2 stk-block stk-74ee4d2\" id=\"newsletter\" data-block-id=\"74ee4d2\"><style>.stk-74ee4d2 {margin-bottom:15px !important;}.stk-74ee4d2 .stk-block-heading__text{font-size:40px !important;color:var(--theme-palette-color-8, #ffffff) !important;}@media screen and (max-width:999px){.stk-74ee4d2 .stk-block-heading__text{font-size:30px !important;}}<\/style><h2 class=\"stk-block-heading__text has-text-color has-palette-color-8-color has-text-align-center stk-block-heading--use-theme-margins\">Newsletter<\/h2><\/div>\n\n\n\n<div class=\"wp-block-stackable-text stk-block-text stk-block stk-3a6303b\" data-block-id=\"3a6303b\"><style>.stk-3a6303b .stk-block-text__text{font-size:25px !important;color:var(--theme-palette-color-8, #ffffff) !important;}@media screen and (max-width:999px){.stk-3a6303b .stk-block-text__text{font-size:20px !important;}}<\/style><p class=\"stk-block-text__text has-text-color has-palette-color-8-color has-text-align-center\">Suscribete para recibir correos electr?nicos sobre nuevos productos y ofertas especiales<\/p><\/div>\n\n\n<div class=\"wpforms-container wpforms-block wpforms-block-a885f3ca-8462-4c7e-8637-a5d7615697b5 inline-fields wpforms-subscribe-form wpforms-render-modern\" id=\"wpforms-157\"><form id=\"wpforms-form-157\" class=\"wpforms-validate wpforms-form\" data-formid=\"157\" method=\"post\" enctype=\"multipart\/form-data\" action=\"\/index.php?rest_route=%2Fwp%2Fv2%2Fpages%2F203\" data-token=\"a9e5b3532b238f8c9fe72c735e6fa4cd\" data-token-time=\"1776462788\"><noscript class=\"wpforms-error-noscript\">Por favor, activa JavaScript en tu navegador para completar este formulario.<\/noscript><div id=\"wpforms-error-noscript\" style=\"display: none;\">Por favor, activa JavaScript en tu navegador para completar este formulario.<\/div><div class=\"wpforms-field-container\"><div id=\"wpforms-157-field_1-container\" class=\"wpforms-field wpforms-field-email\" data-field-id=\"1\"><label class=\"wpforms-field-label wpforms-label-hide\" for=\"wpforms-157-field_1\" aria-hidden=\"false\">Email <span class=\"wpforms-required-label\" aria-hidden=\"true\">*<\/span><\/label><input type=\"email\" id=\"wpforms-157-field_1\" class=\"wpforms-field-medium wpforms-field-required\" name=\"wpforms[fields][1]\" placeholder=\"Email address\" spellcheck=\"false\" aria-errormessage=\"wpforms-157-field_1-error\" required><\/div><\/div><!-- .wpforms-field-container --><div class=\"wpforms-submit-container\" ><input type=\"hidden\" name=\"wpforms[id]\" value=\"157\"><input type=\"hidden\" name=\"page_title\" value=\"\"><input type=\"hidden\" name=\"page_url\" value=\"https:\/\/pacomersa.com\/index.php?rest_route=\/wp\/v2\/pages\/203\"><input type=\"hidden\" name=\"url_referer\" value=\"\"><button type=\"submit\" name=\"wpforms[submit]\" id=\"wpforms-submit-157\" class=\"wpforms-submit\" data-alt-text=\"Sending...\" data-submit-text=\"Subscribe\" aria-live=\"assertive\" value=\"wpforms-submit\">Subscribe<\/button><\/div><\/form><\/div>  <!-- .wpforms-container --><\/div><\/div><\/div>\n<\/div><\/div>\n\n\n\n<div class=\"wp-block-stackable-spacer stk-block-spacer stk--no-padding stk-block stk-b759776\" data-block-id=\"b759776\"><style>.stk-b759776 {height:130px !important;}@media screen and (max-width:999px){.stk-b759776 {height:100px !important;}}<\/style><\/div>\n","protected":false},"excerpt":{"rendered":"<p>Quienes somos En Grupo PACOMERSA, somos una comercializadora mexicana comprometida con ofrecer soluciones integrales y productos de alta calidad para diversos sectores del mercado. Nos especializamos en la distribuci\u00f3n de art\u00edculos varios, mobiliario, materiales para construcci\u00f3n, electr\u00f3nica, electricidad y muchos otros productos que cubren las necesidades de nuestros clientes, tanto en el \u00e1mbito comercial como [&hellip;]<\/p>\n","protected":false},"author":1,"featured_media":0,"parent":0,"menu_order":0,"comment_status":"closed","ping_status":"closed","template":"","meta":{"footnotes":""},"class_list":["post-203","page","type-page","status-publish","hentry"],"blocksy_meta":{"styles_descriptor":{"styles":{"desktop":"","tablet":"","mobile":""},"google_fonts":[],"version":6},"page_title_panel":"","has_hero_section":"disabled","cae18c3de7bedc5b6f53f33572e01345":"","hero_section":"type-1","hero_elements":[{"id":"custom_title","enabled":true,"heading_tag":"h1","title":"Home"},{"id":"custom_description","enabled":true,"description_visibility":{"desktop":true,"tablet":true,"mobile":false}},{"id":"custom_meta","enabled":false,"meta_elements":[{"id":"author","enabled":true,"label":"By","has_author_avatar":"yes","avatar_size":25},{"id":"post_date","enabled":true,"label":"On","date_format_source":"default","date_format":"M j, Y"},{"id":"updated_date","enabled":false,"label":"On","date_format_source":"default","date_format":"M j, Y"},{"id":"categories","enabled":false,"label":"In","style":"simple"},{"id":"comments","enabled":true}],"page_meta_elements":{"joined":true,"articles_count":true,"comments":true}},{"id":"breadcrumbs","enabled":false}],"36e4f14ca74f76b48dbacffcd0ea6f6d":"","hero_alignment1":"CT_CSS_SKIP_RULE","hero_margin":40,"hero_alignment2":"center","hero_vertical_alignment":"center","824d71bcf27c0666174c1f297f46a76c":"","hero_structure":"narrow","25a426c6e3c98f1883c681c2edab9ce7":"","page_title_bg_type":"featured_image","custom_hero_background":{"attachment_id":null},"parallax":{"desktop":false,"tablet":false,"mobile":false},"76980b1f4241e0ba1115be40644c3e4a":"","hero_height":"250px","pageTitleFont":{"family":"Default","variation":"Default","size":"30px","line-height":"CT_CSS_SKIP_RULE","letter-spacing":"CT_CSS_SKIP_RULE","text-transform":"CT_CSS_SKIP_RULE","text-decoration":"CT_CSS_SKIP_RULE"},"pageTitleFontColor":{"default":{"color":"CT_CSS_SKIP_RULEDEFAULT"}},"pageMetaFont":{"family":"Default","variation":"n6","size":"12px","line-height":"1.3","letter-spacing":"CT_CSS_SKIP_RULE","text-transform":"uppercase","text-decoration":"CT_CSS_SKIP_RULE"},"pageMetaFontColor":{"default":{"color":"CT_CSS_SKIP_RULEDEFAULT"},"hover":{"color":"CT_CSS_SKIP_RULEDEFAULT"}},"page_meta_button_type_font_colors":{"default":{"color":"CT_CSS_SKIP_RULEDEFAULT"},"hover":{"color":"CT_CSS_SKIP_RULEDEFAULT"}},"page_meta_button_type_background_colors":{"default":{"color":"CT_CSS_SKIP_RULEDEFAULT"},"hover":{"color":"CT_CSS_SKIP_RULEDEFAULT"}},"pageExcerptFont":{"family":"Default","variation":"Default","size":"CT_CSS_SKIP_RULE","line-height":"CT_CSS_SKIP_RULE","letter-spacing":"CT_CSS_SKIP_RULE","text-transform":"CT_CSS_SKIP_RULE","text-decoration":"CT_CSS_SKIP_RULE"},"pageExcerptColor":{"default":{"color":"CT_CSS_SKIP_RULEDEFAULT"}},"breadcrumbsFont":{"family":"Default","variation":"Default","size":"CT_CSS_SKIP_RULE","line-height":"CT_CSS_SKIP_RULE","letter-spacing":"CT_CSS_SKIP_RULE","text-transform":"CT_CSS_SKIP_RULE","text-decoration":"CT_CSS_SKIP_RULE"},"breadcrumbsFontColor":{"default":{"color":"CT_CSS_SKIP_RULEDEFAULT"},"initial":{"color":"CT_CSS_SKIP_RULEDEFAULT"},"hover":{"color":"CT_CSS_SKIP_RULEDEFAULT"}},"pageTitleOverlay":{"background_type":"color","background_pattern":"type-1","background_image":{"attachment_id":null,"x":0,"y":0},"gradient":"linear-gradient(135deg,rgba(6,147,227,1) 0%,rgb(155,81,224) 100%)","background_repeat":"repeat","background_size":"auto","background_attachment":"scroll","patternColor":{"default":{"color":"#e5e7ea"}},"overlayColor":{"default":{"color":"CT_CSS_SKIP_RULE"}},"backgroundColor":{"default":{"color":"CT_CSS_SKIP_RULE"}}},"pageTitleBackground":{"background_type":"color","background_pattern":"type-1","background_image":{"attachment_id":null,"x":0,"y":0},"gradient":"linear-gradient(135deg,rgba(6,147,227,1) 0%,rgb(155,81,224) 100%)","background_repeat":"repeat","background_size":"auto","background_attachment":"scroll","patternColor":{"default":{"color":"#e5e7ea"}},"overlayColor":{"default":{"color":"CT_CSS_SKIP_RULE"}},"backgroundColor":{"default":{"color":"var(--theme-palette-color-6)"}}},"pageTitlePadding":{"top":"50px","bottom":"50px","left":"auto","right":"auto","linked":true},"727838cdb0b1b4a50b61a179627d1773":"","page_structure_type":"default","bf2280b6f99e95fe8df362e1d9c4e945":"","content_style_source":"inherit","content_style":"wide","vertical_spacing_source":"custom","content_area_spacing":"none","background":{"background_type":"color","background_pattern":"type-1","background_image":{"attachment_id":null,"x":0,"y":0},"gradient":"linear-gradient(135deg,rgba(6,147,227,1) 0%,rgb(155,81,224) 100%)","background_repeat":"repeat","background_size":"auto","background_attachment":"scroll","patternColor":{"default":{"color":"#e5e7ea"}},"overlayColor":{"default":{"color":"CT_CSS_SKIP_RULE"}},"backgroundColor":{"default":{"color":"CT_CSS_SKIP_RULE"}}},"content_background":{"background_type":"color","background_pattern":"type-1","background_image":{"attachment_id":null,"x":0,"y":0},"gradient":"linear-gradient(135deg,rgba(6,147,227,1) 0%,rgb(155,81,224) 100%)","background_repeat":"repeat","background_size":"auto","background_attachment":"scroll","patternColor":{"default":{"color":"#e5e7ea"}},"overlayColor":{"default":{"color":"CT_CSS_SKIP_RULE"}},"backgroundColor":{"default":{"color":"var(--theme-palette-color-8)"}}},"content_boxed_shadow":{"inherit":false,"blur":18,"spread":-6,"v_offset":12,"h_offset":0,"inset":false,"enable":true,"color":{"color":"rgba(34, 56, 101, 0.04)"}},"boxed_content_spacing":{"desktop":{"top":"40px","bottom":"40px","left":"40px","right":"40px","linked":true},"tablet":{"top":"35px","bottom":"35px","left":"35px","right":"35px","linked":true},"mobile":{"top":"20px","bottom":"20px","left":"20px","right":"20px","linked":true}},"content_boxed_radius":{"top":"3px","bottom":"3px","left":"3px","right":"3px","linked":true},"203928799f3efe87295f481e9e43b493":"","disable_featured_image":"no","disable_share_box":"no","disable_header":"no","disable_footer":"no"},"yoast_head":"<!-- This site is optimized with the Yoast SEO plugin v25.8 - https:\/\/yoast.com\/wordpress\/plugins\/seo\/ -->\n<title>Nosotros - Pacomersa MX<\/title>\n<meta name=\"robots\" content=\"index, follow, max-snippet:-1, max-image-preview:large, max-video-preview:-1\" \/>\n<link rel=\"canonical\" href=\"https:\/\/pacomersa.com\/?page_id=203\" \/>\n<meta property=\"og:locale\" content=\"es_ES\" \/>\n<meta property=\"og:type\" content=\"article\" \/>\n<meta property=\"og:title\" content=\"Nosotros - Pacomersa MX\" \/>\n<meta property=\"og:description\" content=\"Quienes somos En Grupo PACOMERSA, somos una comercializadora mexicana comprometida con ofrecer soluciones integrales y productos de alta calidad para diversos sectores del mercado. Nos especializamos en la distribuci\u00f3n de art\u00edculos varios, mobiliario, materiales para construcci\u00f3n, electr\u00f3nica, electricidad y muchos otros productos que cubren las necesidades de nuestros clientes, tanto en el \u00e1mbito comercial como [&hellip;]\" \/>\n<meta property=\"og:url\" content=\"https:\/\/pacomersa.com\/?page_id=203\" \/>\n<meta property=\"og:site_name\" content=\"Pacomersa MX\" \/>\n<meta property=\"article:modified_time\" content=\"2025-08-31T16:57:27+00:00\" \/>\n<meta name=\"twitter:card\" content=\"summary_large_image\" \/>\n<meta name=\"twitter:label1\" content=\"Tiempo de lectura\" \/>\n\t<meta name=\"twitter:data1\" content=\"2 minutos\" \/>\n<script type=\"application\/ld+json\" class=\"yoast-schema-graph\">{\"@context\":\"https:\/\/schema.org\",\"@graph\":[{\"@type\":\"WebPage\",\"@id\":\"https:\/\/pacomersa.com\/?page_id=203\",\"url\":\"https:\/\/pacomersa.com\/?page_id=203\",\"name\":\"Nosotros - Pacomersa MX\",\"isPartOf\":{\"@id\":\"https:\/\/pacomersa.com\/#website\"},\"datePublished\":\"2021-12-17T16:46:02+00:00\",\"dateModified\":\"2025-08-31T16:57:27+00:00\",\"breadcrumb\":{\"@id\":\"https:\/\/pacomersa.com\/?page_id=203#breadcrumb\"},\"inLanguage\":\"es\",\"potentialAction\":[{\"@type\":\"ReadAction\",\"target\":[\"https:\/\/pacomersa.com\/?page_id=203\"]}]},{\"@type\":\"BreadcrumbList\",\"@id\":\"https:\/\/pacomersa.com\/?page_id=203#breadcrumb\",\"itemListElement\":[{\"@type\":\"ListItem\",\"position\":1,\"name\":\"Portada\",\"item\":\"https:\/\/pacomersa.com\/\"},{\"@type\":\"ListItem\",\"position\":2,\"name\":\"Nosotros\"}]},{\"@type\":\"WebSite\",\"@id\":\"https:\/\/pacomersa.com\/#website\",\"url\":\"https:\/\/pacomersa.com\/\",\"name\":\"Pacomersa MX\",\"description\":\"\",\"publisher\":{\"@id\":\"https:\/\/pacomersa.com\/#organization\"},\"potentialAction\":[{\"@type\":\"SearchAction\",\"target\":{\"@type\":\"EntryPoint\",\"urlTemplate\":\"https:\/\/pacomersa.com\/?s={search_term_string}\"},\"query-input\":{\"@type\":\"PropertyValueSpecification\",\"valueRequired\":true,\"valueName\":\"search_term_string\"}}],\"inLanguage\":\"es\"},{\"@type\":\"Organization\",\"@id\":\"https:\/\/pacomersa.com\/#organization\",\"name\":\"Pacomersa MX\",\"url\":\"https:\/\/pacomersa.com\/\",\"logo\":{\"@type\":\"ImageObject\",\"inLanguage\":\"es\",\"@id\":\"https:\/\/pacomersa.com\/#\/schema\/logo\/image\/\",\"url\":\"https:\/\/pacomersa.com\/wp-content\/uploads\/2025\/08\/logo-pacomersa_2.png\",\"contentUrl\":\"https:\/\/pacomersa.com\/wp-content\/uploads\/2025\/08\/logo-pacomersa_2.png\",\"width\":678,\"height\":150,\"caption\":\"Pacomersa MX\"},\"image\":{\"@id\":\"https:\/\/pacomersa.com\/#\/schema\/logo\/image\/\"}}]}<\/script>\n<!-- \/ Yoast SEO plugin. -->","yoast_head_json":{"title":"Nosotros - Pacomersa MX","robots":{"index":"index","follow":"follow","max-snippet":"max-snippet:-1","max-image-preview":"max-image-preview:large","max-video-preview":"max-video-preview:-1"},"canonical":"https:\/\/pacomersa.com\/?page_id=203","og_locale":"es_ES","og_type":"article","og_title":"Nosotros - Pacomersa MX","og_description":"Quienes somos En Grupo PACOMERSA, somos una comercializadora mexicana comprometida con ofrecer soluciones integrales y productos de alta calidad para diversos sectores del mercado. Nos especializamos en la distribuci\u00f3n de art\u00edculos varios, mobiliario, materiales para construcci\u00f3n, electr\u00f3nica, electricidad y muchos otros productos que cubren las necesidades de nuestros clientes, tanto en el \u00e1mbito comercial como [&hellip;]","og_url":"https:\/\/pacomersa.com\/?page_id=203","og_site_name":"Pacomersa MX","article_modified_time":"2025-08-31T16:57:27+00:00","twitter_card":"summary_large_image","twitter_misc":{"Tiempo de lectura":"2 minutos"},"schema":{"@context":"https:\/\/schema.org","@graph":[{"@type":"WebPage","@id":"https:\/\/pacomersa.com\/?page_id=203","url":"https:\/\/pacomersa.com\/?page_id=203","name":"Nosotros - Pacomersa MX","isPartOf":{"@id":"https:\/\/pacomersa.com\/#website"},"datePublished":"2021-12-17T16:46:02+00:00","dateModified":"2025-08-31T16:57:27+00:00","breadcrumb":{"@id":"https:\/\/pacomersa.com\/?page_id=203#breadcrumb"},"inLanguage":"es","potentialAction":[{"@type":"ReadAction","target":["https:\/\/pacomersa.com\/?page_id=203"]}]},{"@type":"BreadcrumbList","@id":"https:\/\/pacomersa.com\/?page_id=203#breadcrumb","itemListElement":[{"@type":"ListItem","position":1,"name":"Portada","item":"https:\/\/pacomersa.com\/"},{"@type":"ListItem","position":2,"name":"Nosotros"}]},{"@type":"WebSite","@id":"https:\/\/pacomersa.com\/#website","url":"https:\/\/pacomersa.com\/","name":"Pacomersa MX","description":"","publisher":{"@id":"https:\/\/pacomersa.com\/#organization"},"potentialAction":[{"@type":"SearchAction","target":{"@type":"EntryPoint","urlTemplate":"https:\/\/pacomersa.com\/?s={search_term_string}"},"query-input":{"@type":"PropertyValueSpecification","valueRequired":true,"valueName":"search_term_string"}}],"inLanguage":"es"},{"@type":"Organization","@id":"https:\/\/pacomersa.com\/#organization","name":"Pacomersa MX","url":"https:\/\/pacomersa.com\/","logo":{"@type":"ImageObject","inLanguage":"es","@id":"https:\/\/pacomersa.com\/#\/schema\/logo\/image\/","url":"https:\/\/pacomersa.com\/wp-content\/uploads\/2025\/08\/logo-pacomersa_2.png","contentUrl":"https:\/\/pacomersa.com\/wp-content\/uploads\/2025\/08\/logo-pacomersa_2.png","width":678,"height":150,"caption":"Pacomersa MX"},"image":{"@id":"https:\/\/pacomersa.com\/#\/schema\/logo\/image\/"}}]}},"_links":{"self":[{"href":"https:\/\/pacomersa.com\/index.php?rest_route=\/wp\/v2\/pages\/203","targetHints":{"allow":["GET"]}}],"collection":[{"href":"https:\/\/pacomersa.com\/index.php?rest_route=\/wp\/v2\/pages"}],"about":[{"href":"https:\/\/pacomersa.com\/index.php?rest_route=\/wp\/v2\/types\/page"}],"author":[{"embeddable":true,"href":"https:\/\/pacomersa.com\/index.php?rest_route=\/wp\/v2\/users\/1"}],"replies":[{"embeddable":true,"href":"https:\/\/pacomersa.com\/index.php?rest_route=%2Fwp%2Fv2%2Fcomments&post=203"}],"version-history":[{"count":12,"href":"https:\/\/pacomersa.com\/index.php?rest_route=\/wp\/v2\/pages\/203\/revisions"}],"predecessor-version":[{"id":878,"href":"https:\/\/pacomersa.com\/index.php?rest_route=\/wp\/v2\/pages\/203\/revisions\/878"}],"wp:attachment":[{"href":"https:\/\/pacomersa.com\/index.php?rest_route=%2Fwp%2Fv2%2Fmedia&parent=203"}],"curies":[{"name":"wp","href":"https:\/\/api.w.org\/{rel}","templated":true}]}}